{"id":5,"date":"2016-05-17T16:40:00","date_gmt":"2016-05-17T15:40:00","guid":{"rendered":"https:\/\/new.meadow-ranch.com\/u-jezka\/"},"modified":"2024-03-13T09:28:17","modified_gmt":"2024-03-13T08:28:17","slug":"u-jezka","status":"publish","type":"page","link":"https:\/\/meadow-ranch.com\/de_DE\/ubytovani-pronajem\/u-jezka\/","title":{"rendered":"U Je\u017eka"},"content":{"rendered":"\n<h4 class=\"wp-block-heading\">Masiv-Holzhaus im Stil einer Blockh\u00fctte mit einer Kapazit\u00e4t f\u00fcr 5 Personen gebaut, liegt ca.100 m oberhalb des Haupthauses in einem Westhang. Diese komplett eingerichtete H\u00fctte sollte allen Bed\u00fcrfnissen des modernen Lebens gerecht werden.<\/h4>\n\n\n\n<p><strong>Einrichtung im Erdgeschoss:<\/strong><\/p>\n\n\n\n<ul class=\"wp-block-list\">\n<li>Wohnzimmer mit Ecksofa, Kaminofen, Radio, SAT \/ TV, DVD<\/li>\n\n\n\n<li>voll ausgestattete K\u00fcche ( E-Herd mit Ceran &#8211; Kochfeld und Backofen, Mikrowelle, Wasserkocher, Toaster, K\u00fchlschrank, Gefrierschrank, Sp\u00fclmaschine, Geschirr, etc. )<\/li>\n<\/ul>\n\n\n\n<p><strong>Einrichtung im Dachgeschoss:<\/strong><\/p>\n\n\n\n<ul class=\"wp-block-list\">\n<li>Schlafzimmer mit Doppelbett<\/li>\n\n\n\n<li>Schlafzimmer mit Doppelbett und einem Stockbett ( Bettw\u00e4sche inklusive)<\/li>\n\n\n\n<li>Badezimmer mit Dusche \/ Badewanne, WC<\/li>\n\n\n\n<li>Waschmaschine, Trockner<\/li>\n<\/ul>\n\n\n\n<p><strong>Weitere Ausstattung:<\/strong><\/p>\n\n\n\n<ul class=\"wp-block-list\">\n<li>Fu\u00dfbodenheizung<\/li>\n\n\n\n<li>Free Wifi<\/li>\n\n\n\n<li>Gartenm\u00f6bel<\/li>\n\n\n\n<li>Freier Platz<\/li>\n\n\n\n<li>Grillplatz und Grill<\/li>\n\n\n\n<li>Parkplatz am Haus<\/li>\n<\/ul>\n\n\n\n<p><strong>In der Blockh\u00fctte ist das Rauchen nicht erlaubt!<\/strong><\/p>\n\n\n\n<p>Die Unterbringung von Hausieren erfolgt nach Absprache.<\/p>\n\n\n\n<h2 class=\"wp-block-heading\"><\/h2>\n\n\n\n<figure class=\"wp-block-gallery has-nested-images columns-default is-cropped wp-block-gallery-1 is-layout-flex wp-block-gallery-is-layout-flex\">\n<figure class=\"wp-block-image size-large\"><img loading=\"lazy\" decoding=\"async\" width=\"1024\" height=\"678\" data-id=\"400\" src=\"https:\/\/meadow-ranch.com\/wp-content\/uploads\/2023\/02\/Loznice1-1024x678.jpg\" alt=\"\" class=\"wp-image-400\" srcset=\"https:\/\/meadow-ranch.com\/wp-content\/uploads\/2023\/02\/Loznice1-1024x678.jpg 1024w, https:\/\/meadow-ranch.com\/wp-content\/uploads\/2023\/02\/Loznice1-300x199.jpg 300w, https:\/\/meadow-ranch.com\/wp-content\/uploads\/2023\/02\/Loznice1-768x509.jpg 768w, https:\/\/meadow-ranch.com\/wp-content\/uploads\/2023\/02\/Loznice1-1536x1017.jpg 1536w, https:\/\/meadow-ranch.com\/wp-content\/uploads\/2023\/02\/Loznice1-2048x1356.jpg 2048w\" sizes=\"auto, (max-width: 1024px) 100vw, 1024px\" \/><\/figure>\n\n\n\n<figure class=\"wp-block-image size-large\"><img loading=\"lazy\" decoding=\"async\" width=\"1024\" height=\"678\" data-id=\"399\" src=\"https:\/\/meadow-ranch.com\/wp-content\/uploads\/2023\/02\/Loznice3-1024x678.jpg\" alt=\"\" class=\"wp-image-399\" srcset=\"https:\/\/meadow-ranch.com\/wp-content\/uploads\/2023\/02\/Loznice3-1024x678.jpg 1024w, https:\/\/meadow-ranch.com\/wp-content\/uploads\/2023\/02\/Loznice3-300x199.jpg 300w, https:\/\/meadow-ranch.com\/wp-content\/uploads\/2023\/02\/Loznice3-768x509.jpg 768w, https:\/\/meadow-ranch.com\/wp-content\/uploads\/2023\/02\/Loznice3-1536x1017.jpg 1536w, https:\/\/meadow-ranch.com\/wp-content\/uploads\/2023\/02\/Loznice3-2048x1356.jpg 2048w\" sizes=\"auto, (max-width: 1024px) 100vw, 1024px\" \/><\/figure>\n\n\n\n<figure class=\"wp-block-image size-large\"><img loading=\"lazy\" decoding=\"async\" width=\"1024\" height=\"678\" data-id=\"398\" src=\"https:\/\/meadow-ranch.com\/wp-content\/uploads\/2023\/02\/Loznice2-1024x678.jpg\" alt=\"\" class=\"wp-image-398\" srcset=\"https:\/\/meadow-ranch.com\/wp-content\/uploads\/2023\/02\/Loznice2-1024x678.jpg 1024w, https:\/\/meadow-ranch.com\/wp-content\/uploads\/2023\/02\/Loznice2-300x199.jpg 300w, https:\/\/meadow-ranch.com\/wp-content\/uploads\/2023\/02\/Loznice2-768x509.jpg 768w, https:\/\/meadow-ranch.com\/wp-content\/uploads\/2023\/02\/Loznice2-1536x1017.jpg 1536w, https:\/\/meadow-ranch.com\/wp-content\/uploads\/2023\/02\/Loznice2-2048x1356.jpg 2048w\" sizes=\"auto, (max-width: 1024px) 100vw, 1024px\" \/><\/figure>\n\n\n\n<figure class=\"wp-block-image size-large\"><img loading=\"lazy\" decoding=\"async\" width=\"1024\" height=\"678\" data-id=\"397\" src=\"https:\/\/meadow-ranch.com\/wp-content\/uploads\/2023\/02\/Koupelna-1024x678.jpg\" alt=\"\" class=\"wp-image-397\" srcset=\"https:\/\/meadow-ranch.com\/wp-content\/uploads\/2023\/02\/Koupelna-1024x678.jpg 1024w, https:\/\/meadow-ranch.com\/wp-content\/uploads\/2023\/02\/Koupelna-300x199.jpg 300w, https:\/\/meadow-ranch.com\/wp-content\/uploads\/2023\/02\/Koupelna-768x509.jpg 768w, https:\/\/meadow-ranch.com\/wp-content\/uploads\/2023\/02\/Koupelna-1536x1017.jpg 1536w, https:\/\/meadow-ranch.com\/wp-content\/uploads\/2023\/02\/Koupelna-2048x1356.jpg 2048w\" sizes=\"auto, (max-width: 1024px) 100vw, 1024px\" \/><\/figure>\n\n\n\n<figure class=\"wp-block-image size-large\"><img loading=\"lazy\" decoding=\"async\" width=\"1024\" height=\"678\" data-id=\"396\" src=\"https:\/\/meadow-ranch.com\/wp-content\/uploads\/2023\/02\/Obyvak1-1024x678.jpg\" alt=\"\" class=\"wp-image-396\" srcset=\"https:\/\/meadow-ranch.com\/wp-content\/uploads\/2023\/02\/Obyvak1-1024x678.jpg 1024w, https:\/\/meadow-ranch.com\/wp-content\/uploads\/2023\/02\/Obyvak1-300x199.jpg 300w, https:\/\/meadow-ranch.com\/wp-content\/uploads\/2023\/02\/Obyvak1-768x509.jpg 768w, https:\/\/meadow-ranch.com\/wp-content\/uploads\/2023\/02\/Obyvak1-1536x1017.jpg 1536w, https:\/\/meadow-ranch.com\/wp-content\/uploads\/2023\/02\/Obyvak1-2048x1356.jpg 2048w\" sizes=\"auto, (max-width: 1024px) 100vw, 1024px\" \/><\/figure>\n\n\n\n<figure class=\"wp-block-image size-large\"><img loading=\"lazy\" decoding=\"async\" width=\"1024\" height=\"678\" data-id=\"395\" src=\"https:\/\/meadow-ranch.com\/wp-content\/uploads\/2023\/02\/Obyvak2-1024x678.jpg\" alt=\"\" class=\"wp-image-395\" srcset=\"https:\/\/meadow-ranch.com\/wp-content\/uploads\/2023\/02\/Obyvak2-1024x678.jpg 1024w, https:\/\/meadow-ranch.com\/wp-content\/uploads\/2023\/02\/Obyvak2-300x199.jpg 300w, https:\/\/meadow-ranch.com\/wp-content\/uploads\/2023\/02\/Obyvak2-768x509.jpg 768w, https:\/\/meadow-ranch.com\/wp-content\/uploads\/2023\/02\/Obyvak2-1536x1017.jpg 1536w, https:\/\/meadow-ranch.com\/wp-content\/uploads\/2023\/02\/Obyvak2-2048x1356.jpg 2048w\" sizes=\"auto, (max-width: 1024px) 100vw, 1024px\" \/><\/figure>\n\n\n\n<figure class=\"wp-block-image size-large\"><img loading=\"lazy\" decoding=\"async\" width=\"1024\" height=\"678\" data-id=\"394\" src=\"https:\/\/meadow-ranch.com\/wp-content\/uploads\/2023\/02\/Obyvak3-1024x678.jpg\" alt=\"\" class=\"wp-image-394\" srcset=\"https:\/\/meadow-ranch.com\/wp-content\/uploads\/2023\/02\/Obyvak3-1024x678.jpg 1024w, https:\/\/meadow-ranch.com\/wp-content\/uploads\/2023\/02\/Obyvak3-300x199.jpg 300w, https:\/\/meadow-ranch.com\/wp-content\/uploads\/2023\/02\/Obyvak3-768x509.jpg 768w, https:\/\/meadow-ranch.com\/wp-content\/uploads\/2023\/02\/Obyvak3-1536x1017.jpg 1536w, https:\/\/meadow-ranch.com\/wp-content\/uploads\/2023\/02\/Obyvak3-2048x1356.jpg 2048w\" sizes=\"auto, (max-width: 1024px) 100vw, 1024px\" \/><\/figure>\n\n\n\n<figure class=\"wp-block-image size-large\"><img loading=\"lazy\" decoding=\"async\" width=\"1024\" height=\"678\" data-id=\"393\" src=\"https:\/\/meadow-ranch.com\/wp-content\/uploads\/2023\/02\/Kuchyn3-1024x678.jpg\" alt=\"\" class=\"wp-image-393\" srcset=\"https:\/\/meadow-ranch.com\/wp-content\/uploads\/2023\/02\/Kuchyn3-1024x678.jpg 1024w, https:\/\/meadow-ranch.com\/wp-content\/uploads\/2023\/02\/Kuchyn3-300x199.jpg 300w, https:\/\/meadow-ranch.com\/wp-content\/uploads\/2023\/02\/Kuchyn3-768x509.jpg 768w, https:\/\/meadow-ranch.com\/wp-content\/uploads\/2023\/02\/Kuchyn3-1536x1017.jpg 1536w, https:\/\/meadow-ranch.com\/wp-content\/uploads\/2023\/02\/Kuchyn3-2048x1356.jpg 2048w\" sizes=\"auto, (max-width: 1024px) 100vw, 1024px\" \/><\/figure>\n\n\n\n<figure class=\"wp-block-image size-large\"><img loading=\"lazy\" decoding=\"async\" width=\"1024\" height=\"678\" data-id=\"392\" src=\"https:\/\/meadow-ranch.com\/wp-content\/uploads\/2023\/02\/Kuchyn2-1024x678.jpg\" alt=\"\" class=\"wp-image-392\" srcset=\"https:\/\/meadow-ranch.com\/wp-content\/uploads\/2023\/02\/Kuchyn2-1024x678.jpg 1024w, https:\/\/meadow-ranch.com\/wp-content\/uploads\/2023\/02\/Kuchyn2-300x199.jpg 300w, https:\/\/meadow-ranch.com\/wp-content\/uploads\/2023\/02\/Kuchyn2-768x509.jpg 768w, https:\/\/meadow-ranch.com\/wp-content\/uploads\/2023\/02\/Kuchyn2-1536x1017.jpg 1536w, https:\/\/meadow-ranch.com\/wp-content\/uploads\/2023\/02\/Kuchyn2-2048x1356.jpg 2048w\" sizes=\"auto, (max-width: 1024px) 100vw, 1024px\" \/><\/figure>\n\n\n\n<figure class=\"wp-block-image size-large\"><img loading=\"lazy\" decoding=\"async\" width=\"1024\" height=\"678\" data-id=\"391\" src=\"https:\/\/meadow-ranch.com\/wp-content\/uploads\/2023\/02\/Obyvak4-1024x678.jpg\" alt=\"\" class=\"wp-image-391\" srcset=\"https:\/\/meadow-ranch.com\/wp-content\/uploads\/2023\/02\/Obyvak4-1024x678.jpg 1024w, https:\/\/meadow-ranch.com\/wp-content\/uploads\/2023\/02\/Obyvak4-300x199.jpg 300w, https:\/\/meadow-ranch.com\/wp-content\/uploads\/2023\/02\/Obyvak4-768x509.jpg 768w, https:\/\/meadow-ranch.com\/wp-content\/uploads\/2023\/02\/Obyvak4-1536x1017.jpg 1536w, https:\/\/meadow-ranch.com\/wp-content\/uploads\/2023\/02\/Obyvak4-2048x1356.jpg 2048w\" sizes=\"auto, (max-width: 1024px) 100vw, 1024px\" \/><\/figure>\n\n\n\n<figure class=\"wp-block-image size-large\"><img loading=\"lazy\" decoding=\"async\" width=\"1024\" height=\"678\" data-id=\"390\" src=\"https:\/\/meadow-ranch.com\/wp-content\/uploads\/2023\/02\/Kuchyn1-1024x678.jpg\" alt=\"\" class=\"wp-image-390\" srcset=\"https:\/\/meadow-ranch.com\/wp-content\/uploads\/2023\/02\/Kuchyn1-1024x678.jpg 1024w, https:\/\/meadow-ranch.com\/wp-content\/uploads\/2023\/02\/Kuchyn1-300x199.jpg 300w, https:\/\/meadow-ranch.com\/wp-content\/uploads\/2023\/02\/Kuchyn1-768x509.jpg 768w, https:\/\/meadow-ranch.com\/wp-content\/uploads\/2023\/02\/Kuchyn1-1536x1017.jpg 1536w, https:\/\/meadow-ranch.com\/wp-content\/uploads\/2023\/02\/Kuchyn1-2048x1356.jpg 2048w\" sizes=\"auto, (max-width: 1024px) 100vw, 1024px\" \/><\/figure>\n\n\n\n<figure class=\"wp-block-image size-large\"><img loading=\"lazy\" decoding=\"async\" width=\"1024\" height=\"768\" data-id=\"389\" src=\"https:\/\/meadow-ranch.com\/wp-content\/uploads\/2023\/02\/Chata-u-Jezka3-1024x768.jpg\" alt=\"\" class=\"wp-image-389\" srcset=\"https:\/\/meadow-ranch.com\/wp-content\/uploads\/2023\/02\/Chata-u-Jezka3-1024x768.jpg 1024w, https:\/\/meadow-ranch.com\/wp-content\/uploads\/2023\/02\/Chata-u-Jezka3-300x225.jpg 300w, https:\/\/meadow-ranch.com\/wp-content\/uploads\/2023\/02\/Chata-u-Jezka3-768x576.jpg 768w, https:\/\/meadow-ranch.com\/wp-content\/uploads\/2023\/02\/Chata-u-Jezka3-1536x1152.jpg 1536w, https:\/\/meadow-ranch.com\/wp-content\/uploads\/2023\/02\/Chata-u-Jezka3-2048x1536.jpg 2048w\" sizes=\"auto, (max-width: 1024px) 100vw, 1024px\" \/><\/figure>\n\n\n\n<figure class=\"wp-block-image size-large\"><img loading=\"lazy\" decoding=\"async\" width=\"1024\" height=\"678\" data-id=\"388\" src=\"https:\/\/meadow-ranch.com\/wp-content\/uploads\/2023\/02\/Chata-u-Jezka2-1024x678.jpg\" alt=\"\" class=\"wp-image-388\" srcset=\"https:\/\/meadow-ranch.com\/wp-content\/uploads\/2023\/02\/Chata-u-Jezka2-1024x678.jpg 1024w, https:\/\/meadow-ranch.com\/wp-content\/uploads\/2023\/02\/Chata-u-Jezka2-300x199.jpg 300w, https:\/\/meadow-ranch.com\/wp-content\/uploads\/2023\/02\/Chata-u-Jezka2-768x509.jpg 768w, https:\/\/meadow-ranch.com\/wp-content\/uploads\/2023\/02\/Chata-u-Jezka2-1536x1017.jpg 1536w, https:\/\/meadow-ranch.com\/wp-content\/uploads\/2023\/02\/Chata-u-Jezka2-2048x1356.jpg 2048w\" sizes=\"auto, (max-width: 1024px) 100vw, 1024px\" \/><\/figure>\n\n\n\n<figure class=\"wp-block-image size-large\"><img loading=\"lazy\" decoding=\"async\" width=\"1024\" height=\"678\" data-id=\"387\" src=\"https:\/\/meadow-ranch.com\/wp-content\/uploads\/2023\/02\/Veranda-1024x678.jpg\" alt=\"\" class=\"wp-image-387\" srcset=\"https:\/\/meadow-ranch.com\/wp-content\/uploads\/2023\/02\/Veranda-1024x678.jpg 1024w, https:\/\/meadow-ranch.com\/wp-content\/uploads\/2023\/02\/Veranda-300x199.jpg 300w, https:\/\/meadow-ranch.com\/wp-content\/uploads\/2023\/02\/Veranda-768x509.jpg 768w, https:\/\/meadow-ranch.com\/wp-content\/uploads\/2023\/02\/Veranda-1536x1017.jpg 1536w, https:\/\/meadow-ranch.com\/wp-content\/uploads\/2023\/02\/Veranda-2048x1356.jpg 2048w\" sizes=\"auto, (max-width: 1024px) 100vw, 1024px\" \/><\/figure>\n\n\n\n<figure class=\"wp-block-image size-large\"><img loading=\"lazy\" decoding=\"async\" width=\"1024\" height=\"678\" data-id=\"386\" src=\"https:\/\/meadow-ranch.com\/wp-content\/uploads\/2023\/02\/Chata-u-Jezka1-1024x678.jpg\" alt=\"\" class=\"wp-image-386\" srcset=\"https:\/\/meadow-ranch.com\/wp-content\/uploads\/2023\/02\/Chata-u-Jezka1-1024x678.jpg 1024w, https:\/\/meadow-ranch.com\/wp-content\/uploads\/2023\/02\/Chata-u-Jezka1-300x199.jpg 300w, https:\/\/meadow-ranch.com\/wp-content\/uploads\/2023\/02\/Chata-u-Jezka1-768x509.jpg 768w, https:\/\/meadow-ranch.com\/wp-content\/uploads\/2023\/02\/Chata-u-Jezka1-1536x1017.jpg 1536w, https:\/\/meadow-ranch.com\/wp-content\/uploads\/2023\/02\/Chata-u-Jezka1-2048x1356.jpg 2048w\" sizes=\"auto, (max-width: 1024px) 100vw, 1024px\" \/><\/figure>\n<\/figure>\n","protected":false},"excerpt":{"rendered":"<p><!-- wp:heading {\"level\":4} --><\/p>\n<h4 class=\"wp-block-heading\">Masiv-Holzhaus im Stil einer Blockh\u00fctte mit einer Kapazit\u00e4t f\u00fcr 5 Personen gebaut, liegt ca.100 m oberhalb des Haupthauses in einem Westhang. Diese komplett eingerichtete H\u00fctte sollte allen&#8230;<\/p>\n","protected":false},"author":1,"featured_media":388,"parent":3,"menu_order":1,"comment_status":"closed","ping_status":"closed","template":"","meta":{"footnotes":""},"class_list":["post-5","page","type-page","status-publish","has-post-thumbnail","hentry"],"_links":{"self":[{"href":"https:\/\/meadow-ranch.com\/de_DE\/wp-json\/wp\/v2\/pages\/5","targetHints":{"allow":["GET"]}}],"collection":[{"href":"https:\/\/meadow-ranch.com\/de_DE\/wp-json\/wp\/v2\/pages"}],"about":[{"href":"https:\/\/meadow-ranch.com\/de_DE\/wp-json\/wp\/v2\/types\/page"}],"author":[{"embeddable":true,"href":"https:\/\/meadow-ranch.com\/de_DE\/wp-json\/wp\/v2\/users\/1"}],"replies":[{"embeddable":true,"href":"https:\/\/meadow-ranch.com\/de_DE\/wp-json\/wp\/v2\/comments?post=5"}],"version-history":[{"count":23,"href":"https:\/\/meadow-ranch.com\/de_DE\/wp-json\/wp\/v2\/pages\/5\/revisions"}],"predecessor-version":[{"id":1075,"href":"https:\/\/meadow-ranch.com\/de_DE\/wp-json\/wp\/v2\/pages\/5\/revisions\/1075"}],"up":[{"embeddable":true,"href":"https:\/\/meadow-ranch.com\/de_DE\/wp-json\/wp\/v2\/pages\/3"}],"wp:featuredmedia":[{"embeddable":true,"href":"https:\/\/meadow-ranch.com\/de_DE\/wp-json\/wp\/v2\/media\/388"}],"wp:attachment":[{"href":"https:\/\/meadow-ranch.com\/de_DE\/wp-json\/wp\/v2\/media?parent=5"}],"curies":[{"name":"wp","href":"https:\/\/api.w.org\/{rel}","templated":true}]}}