{"id":45,"date":"2017-01-19T08:10:00","date_gmt":"2017-01-19T07:10:00","guid":{"rendered":"https:\/\/new.meadow-ranch.com\/saloon-4\/"},"modified":"2024-09-04T08:25:05","modified_gmt":"2024-09-04T07:25:05","slug":"saloon","status":"publish","type":"page","link":"https:\/\/meadow-ranch.com\/de_DE\/ubytovani-pronajem\/saloon\/","title":{"rendered":"Saloon"},"content":{"rendered":"\n<h2 class=\"wp-block-heading\">Saloon, der uns 20 Jahre lang f\u00fcr Familienfeiern und Geburtstage diente, haben wir nach einer vollst\u00e4ndigen Rekonstruktion in ein Apartment umgewandelt.<\/h2>\n\n\n\n<p>Es ist derzeit f\u00fcr 2 + 2 Personen ausgelegt.<\/p>\n\n\n\n<p>Es gibt hier ein Schlafzimmer, ein Wohnzimmer, eine K\u00fcche, ein Bad und eine Au\u00dfenterrasse.<\/p>\n\n\n\n<h3 class=\"wp-block-heading\">Die Ausstattung:<\/h3>\n\n\n\n<ul class=\"wp-block-list\">\n<li>Gemeinschaftsraum mit Kamin und Schlafsofa, der sich in einer Bewegung und ohne Anstrengung in ein bequemes Doppelbett verwandelt<\/li>\n\n\n\n<li>Schlafzimmer mit Doppelbett<\/li>\n\n\n\n<li>Ausgestattete K\u00fcche (Elektroherd mit Backofen, Mikrowelle, Geschirrsp\u00fcler, Wasserkocher, Toaster, K\u00fchlschrank, Geschirr usw.)<\/li>\n\n\n\n<li>Bettw\u00e4sche und Handt\u00fccher inklusive<\/li>\n\n\n\n<li>Dusche<\/li>\n\n\n\n<li>Toilette<\/li>\n\n\n\n<li>SAT-TV<\/li>\n\n\n\n<li>Wifi<\/li>\n\n\n\n<li>Au\u00dfenterrasse<\/li>\n\n\n\n<li>Grill<\/li>\n<\/ul>\n\n\n\n<p>&nbsp;Die Unterbringung von Hausieren erfolgt nach Absprache.<\/p>\n\n\n\n<h2 class=\"wp-block-heading\"><\/h2>\n\n\n\n<figure class=\"wp-block-gallery has-nested-images columns-default is-cropped wp-block-gallery-1 is-layout-flex wp-block-gallery-is-layout-flex\">\n<figure class=\"wp-block-image size-large\"><img loading=\"lazy\" decoding=\"async\" width=\"1024\" height=\"768\" data-id=\"855\" src=\"https:\/\/meadow-ranch.com\/wp-content\/uploads\/2023\/03\/IMG_4136-1024x768.jpg\" alt=\"\" class=\"wp-image-855\" srcset=\"https:\/\/meadow-ranch.com\/wp-content\/uploads\/2023\/03\/IMG_4136-1024x768.jpg 1024w, https:\/\/meadow-ranch.com\/wp-content\/uploads\/2023\/03\/IMG_4136-300x225.jpg 300w, https:\/\/meadow-ranch.com\/wp-content\/uploads\/2023\/03\/IMG_4136-768x576.jpg 768w, https:\/\/meadow-ranch.com\/wp-content\/uploads\/2023\/03\/IMG_4136-1536x1152.jpg 1536w, https:\/\/meadow-ranch.com\/wp-content\/uploads\/2023\/03\/IMG_4136.jpg 2016w\" sizes=\"auto, (max-width: 1024px) 100vw, 1024px\" \/><\/figure>\n\n\n\n<figure class=\"wp-block-image size-large\"><img loading=\"lazy\" decoding=\"async\" width=\"1024\" height=\"768\" data-id=\"856\" src=\"https:\/\/meadow-ranch.com\/wp-content\/uploads\/2023\/03\/IMG_4137-1024x768.jpg\" alt=\"\" class=\"wp-image-856\" srcset=\"https:\/\/meadow-ranch.com\/wp-content\/uploads\/2023\/03\/IMG_4137-1024x768.jpg 1024w, https:\/\/meadow-ranch.com\/wp-content\/uploads\/2023\/03\/IMG_4137-300x225.jpg 300w, https:\/\/meadow-ranch.com\/wp-content\/uploads\/2023\/03\/IMG_4137-768x576.jpg 768w, https:\/\/meadow-ranch.com\/wp-content\/uploads\/2023\/03\/IMG_4137-1536x1152.jpg 1536w, https:\/\/meadow-ranch.com\/wp-content\/uploads\/2023\/03\/IMG_4137.jpg 2016w\" sizes=\"auto, (max-width: 1024px) 100vw, 1024px\" \/><\/figure>\n\n\n\n<figure class=\"wp-block-image size-large\"><img loading=\"lazy\" decoding=\"async\" width=\"1024\" height=\"768\" data-id=\"857\" src=\"https:\/\/meadow-ranch.com\/wp-content\/uploads\/2023\/03\/IMG_4138-1024x768.jpg\" alt=\"\" class=\"wp-image-857\" srcset=\"https:\/\/meadow-ranch.com\/wp-content\/uploads\/2023\/03\/IMG_4138-1024x768.jpg 1024w, https:\/\/meadow-ranch.com\/wp-content\/uploads\/2023\/03\/IMG_4138-300x225.jpg 300w, https:\/\/meadow-ranch.com\/wp-content\/uploads\/2023\/03\/IMG_4138-768x576.jpg 768w, https:\/\/meadow-ranch.com\/wp-content\/uploads\/2023\/03\/IMG_4138-1536x1152.jpg 1536w, https:\/\/meadow-ranch.com\/wp-content\/uploads\/2023\/03\/IMG_4138.jpg 2016w\" sizes=\"auto, (max-width: 1024px) 100vw, 1024px\" \/><\/figure>\n\n\n\n<figure class=\"wp-block-image size-large\"><img loading=\"lazy\" decoding=\"async\" width=\"1024\" height=\"768\" data-id=\"848\" src=\"https:\/\/meadow-ranch.com\/wp-content\/uploads\/2023\/03\/IMG_4129-1024x768.jpg\" alt=\"\" class=\"wp-image-848\" srcset=\"https:\/\/meadow-ranch.com\/wp-content\/uploads\/2023\/03\/IMG_4129-1024x768.jpg 1024w, https:\/\/meadow-ranch.com\/wp-content\/uploads\/2023\/03\/IMG_4129-300x225.jpg 300w, https:\/\/meadow-ranch.com\/wp-content\/uploads\/2023\/03\/IMG_4129-768x576.jpg 768w, https:\/\/meadow-ranch.com\/wp-content\/uploads\/2023\/03\/IMG_4129-1536x1152.jpg 1536w, https:\/\/meadow-ranch.com\/wp-content\/uploads\/2023\/03\/IMG_4129.jpg 2016w\" sizes=\"auto, (max-width: 1024px) 100vw, 1024px\" \/><\/figure>\n\n\n\n<figure class=\"wp-block-image size-large\"><img loading=\"lazy\" decoding=\"async\" width=\"1024\" height=\"768\" data-id=\"847\" src=\"https:\/\/meadow-ranch.com\/wp-content\/uploads\/2023\/03\/IMG_4124-1024x768.jpg\" alt=\"\" class=\"wp-image-847\" srcset=\"https:\/\/meadow-ranch.com\/wp-content\/uploads\/2023\/03\/IMG_4124-1024x768.jpg 1024w, https:\/\/meadow-ranch.com\/wp-content\/uploads\/2023\/03\/IMG_4124-300x225.jpg 300w, https:\/\/meadow-ranch.com\/wp-content\/uploads\/2023\/03\/IMG_4124-768x576.jpg 768w, https:\/\/meadow-ranch.com\/wp-content\/uploads\/2023\/03\/IMG_4124-1536x1152.jpg 1536w, https:\/\/meadow-ranch.com\/wp-content\/uploads\/2023\/03\/IMG_4124.jpg 2016w\" sizes=\"auto, (max-width: 1024px) 100vw, 1024px\" \/><\/figure>\n\n\n\n<figure class=\"wp-block-image size-large\"><img loading=\"lazy\" decoding=\"async\" width=\"1024\" height=\"768\" data-id=\"849\" src=\"https:\/\/meadow-ranch.com\/wp-content\/uploads\/2023\/03\/IMG_4130-1024x768.jpg\" alt=\"\" class=\"wp-image-849\" srcset=\"https:\/\/meadow-ranch.com\/wp-content\/uploads\/2023\/03\/IMG_4130-1024x768.jpg 1024w, https:\/\/meadow-ranch.com\/wp-content\/uploads\/2023\/03\/IMG_4130-300x225.jpg 300w, https:\/\/meadow-ranch.com\/wp-content\/uploads\/2023\/03\/IMG_4130-768x576.jpg 768w, https:\/\/meadow-ranch.com\/wp-content\/uploads\/2023\/03\/IMG_4130-1536x1152.jpg 1536w, https:\/\/meadow-ranch.com\/wp-content\/uploads\/2023\/03\/IMG_4130.jpg 2016w\" sizes=\"auto, (max-width: 1024px) 100vw, 1024px\" \/><\/figure>\n\n\n\n<figure class=\"wp-block-image size-large\"><img loading=\"lazy\" decoding=\"async\" width=\"1024\" height=\"768\" data-id=\"852\" src=\"https:\/\/meadow-ranch.com\/wp-content\/uploads\/2023\/03\/IMG_4133-1024x768.jpg\" alt=\"\" class=\"wp-image-852\" srcset=\"https:\/\/meadow-ranch.com\/wp-content\/uploads\/2023\/03\/IMG_4133-1024x768.jpg 1024w, https:\/\/meadow-ranch.com\/wp-content\/uploads\/2023\/03\/IMG_4133-300x225.jpg 300w, https:\/\/meadow-ranch.com\/wp-content\/uploads\/2023\/03\/IMG_4133-768x576.jpg 768w, https:\/\/meadow-ranch.com\/wp-content\/uploads\/2023\/03\/IMG_4133-1536x1152.jpg 1536w, https:\/\/meadow-ranch.com\/wp-content\/uploads\/2023\/03\/IMG_4133.jpg 2016w\" sizes=\"auto, (max-width: 1024px) 100vw, 1024px\" \/><\/figure>\n\n\n\n<figure class=\"wp-block-image size-large\"><img loading=\"lazy\" decoding=\"async\" width=\"1024\" height=\"768\" data-id=\"853\" src=\"https:\/\/meadow-ranch.com\/wp-content\/uploads\/2023\/03\/IMG_4134-1024x768.jpg\" alt=\"\" class=\"wp-image-853\" srcset=\"https:\/\/meadow-ranch.com\/wp-content\/uploads\/2023\/03\/IMG_4134-1024x768.jpg 1024w, https:\/\/meadow-ranch.com\/wp-content\/uploads\/2023\/03\/IMG_4134-300x225.jpg 300w, https:\/\/meadow-ranch.com\/wp-content\/uploads\/2023\/03\/IMG_4134-768x576.jpg 768w, https:\/\/meadow-ranch.com\/wp-content\/uploads\/2023\/03\/IMG_4134-1536x1152.jpg 1536w, https:\/\/meadow-ranch.com\/wp-content\/uploads\/2023\/03\/IMG_4134.jpg 2016w\" sizes=\"auto, (max-width: 1024px) 100vw, 1024px\" \/><\/figure>\n\n\n\n<figure class=\"wp-block-image size-large\"><img loading=\"lazy\" decoding=\"async\" width=\"1024\" height=\"768\" data-id=\"854\" src=\"https:\/\/meadow-ranch.com\/wp-content\/uploads\/2023\/03\/IMG_4135-1024x768.jpg\" alt=\"\" class=\"wp-image-854\" srcset=\"https:\/\/meadow-ranch.com\/wp-content\/uploads\/2023\/03\/IMG_4135-1024x768.jpg 1024w, https:\/\/meadow-ranch.com\/wp-content\/uploads\/2023\/03\/IMG_4135-300x225.jpg 300w, https:\/\/meadow-ranch.com\/wp-content\/uploads\/2023\/03\/IMG_4135-768x576.jpg 768w, https:\/\/meadow-ranch.com\/wp-content\/uploads\/2023\/03\/IMG_4135-1536x1152.jpg 1536w, https:\/\/meadow-ranch.com\/wp-content\/uploads\/2023\/03\/IMG_4135.jpg 2016w\" sizes=\"auto, (max-width: 1024px) 100vw, 1024px\" \/><\/figure>\n\n\n\n<figure class=\"wp-block-image size-large\"><img loading=\"lazy\" decoding=\"async\" width=\"768\" height=\"1024\" data-id=\"851\" src=\"https:\/\/meadow-ranch.com\/wp-content\/uploads\/2023\/03\/IMG_4132-768x1024.jpg\" alt=\"\" class=\"wp-image-851\" srcset=\"https:\/\/meadow-ranch.com\/wp-content\/uploads\/2023\/03\/IMG_4132-768x1024.jpg 768w, https:\/\/meadow-ranch.com\/wp-content\/uploads\/2023\/03\/IMG_4132-225x300.jpg 225w, https:\/\/meadow-ranch.com\/wp-content\/uploads\/2023\/03\/IMG_4132-1152x1536.jpg 1152w, https:\/\/meadow-ranch.com\/wp-content\/uploads\/2023\/03\/IMG_4132-rotated.jpg 1512w\" sizes=\"auto, (max-width: 768px) 100vw, 768px\" \/><\/figure>\n\n\n\n<figure class=\"wp-block-image size-large\"><img loading=\"lazy\" decoding=\"async\" width=\"768\" height=\"1024\" data-id=\"850\" src=\"https:\/\/meadow-ranch.com\/wp-content\/uploads\/2023\/03\/IMG_4131-768x1024.jpg\" alt=\"\" class=\"wp-image-850\" srcset=\"https:\/\/meadow-ranch.com\/wp-content\/uploads\/2023\/03\/IMG_4131-768x1024.jpg 768w, https:\/\/meadow-ranch.com\/wp-content\/uploads\/2023\/03\/IMG_4131-225x300.jpg 225w, https:\/\/meadow-ranch.com\/wp-content\/uploads\/2023\/03\/IMG_4131-1152x1536.jpg 1152w, https:\/\/meadow-ranch.com\/wp-content\/uploads\/2023\/03\/IMG_4131-rotated.jpg 1512w\" sizes=\"auto, (max-width: 768px) 100vw, 768px\" \/><\/figure>\n\n\n\n<figure class=\"wp-block-image size-large\"><img loading=\"lazy\" decoding=\"async\" width=\"1024\" height=\"768\" data-id=\"846\" src=\"https:\/\/meadow-ranch.com\/wp-content\/uploads\/2023\/03\/IMG_4123-1024x768.jpg\" alt=\"\" class=\"wp-image-846\" srcset=\"https:\/\/meadow-ranch.com\/wp-content\/uploads\/2023\/03\/IMG_4123-1024x768.jpg 1024w, https:\/\/meadow-ranch.com\/wp-content\/uploads\/2023\/03\/IMG_4123-300x225.jpg 300w, https:\/\/meadow-ranch.com\/wp-content\/uploads\/2023\/03\/IMG_4123-768x576.jpg 768w, https:\/\/meadow-ranch.com\/wp-content\/uploads\/2023\/03\/IMG_4123-1536x1152.jpg 1536w, https:\/\/meadow-ranch.com\/wp-content\/uploads\/2023\/03\/IMG_4123.jpg 2016w\" sizes=\"auto, (max-width: 1024px) 100vw, 1024px\" \/><\/figure>\n\n\n\n<figure class=\"wp-block-image size-large\"><img loading=\"lazy\" decoding=\"async\" width=\"1024\" height=\"768\" data-id=\"845\" src=\"https:\/\/meadow-ranch.com\/wp-content\/uploads\/2023\/03\/IMG_4122-1024x768.jpg\" alt=\"\" class=\"wp-image-845\" srcset=\"https:\/\/meadow-ranch.com\/wp-content\/uploads\/2023\/03\/IMG_4122-1024x768.jpg 1024w, https:\/\/meadow-ranch.com\/wp-content\/uploads\/2023\/03\/IMG_4122-300x225.jpg 300w, https:\/\/meadow-ranch.com\/wp-content\/uploads\/2023\/03\/IMG_4122-768x576.jpg 768w, https:\/\/meadow-ranch.com\/wp-content\/uploads\/2023\/03\/IMG_4122-1536x1152.jpg 1536w, https:\/\/meadow-ranch.com\/wp-content\/uploads\/2023\/03\/IMG_4122.jpg 2016w\" sizes=\"auto, (max-width: 1024px) 100vw, 1024px\" \/><\/figure>\n\n\n\n<figure class=\"wp-block-image size-large\"><img loading=\"lazy\" decoding=\"async\" width=\"1024\" height=\"768\" data-id=\"844\" src=\"https:\/\/meadow-ranch.com\/wp-content\/uploads\/2023\/03\/IMG_4121-1024x768.jpg\" alt=\"\" class=\"wp-image-844\" srcset=\"https:\/\/meadow-ranch.com\/wp-content\/uploads\/2023\/03\/IMG_4121-1024x768.jpg 1024w, https:\/\/meadow-ranch.com\/wp-content\/uploads\/2023\/03\/IMG_4121-300x225.jpg 300w, https:\/\/meadow-ranch.com\/wp-content\/uploads\/2023\/03\/IMG_4121-768x576.jpg 768w, https:\/\/meadow-ranch.com\/wp-content\/uploads\/2023\/03\/IMG_4121-1536x1152.jpg 1536w, https:\/\/meadow-ranch.com\/wp-content\/uploads\/2023\/03\/IMG_4121.jpg 2016w\" sizes=\"auto, (max-width: 1024px) 100vw, 1024px\" \/><\/figure>\n\n\n\n<figure class=\"wp-block-image size-large\"><img loading=\"lazy\" decoding=\"async\" width=\"1024\" height=\"768\" data-id=\"860\" src=\"https:\/\/meadow-ranch.com\/wp-content\/uploads\/2023\/03\/IMG_4264-1024x768.jpg\" alt=\"\" class=\"wp-image-860\" srcset=\"https:\/\/meadow-ranch.com\/wp-content\/uploads\/2023\/03\/IMG_4264-1024x768.jpg 1024w, https:\/\/meadow-ranch.com\/wp-content\/uploads\/2023\/03\/IMG_4264-300x225.jpg 300w, https:\/\/meadow-ranch.com\/wp-content\/uploads\/2023\/03\/IMG_4264-768x576.jpg 768w, https:\/\/meadow-ranch.com\/wp-content\/uploads\/2023\/03\/IMG_4264.jpg 1280w\" sizes=\"auto, (max-width: 1024px) 100vw, 1024px\" \/><\/figure>\n\n\n\n<figure class=\"wp-block-image size-large\"><img loading=\"lazy\" decoding=\"async\" width=\"1024\" height=\"768\" data-id=\"859\" src=\"https:\/\/meadow-ranch.com\/wp-content\/uploads\/2023\/03\/IMG_4263-1024x768.jpg\" alt=\"\" class=\"wp-image-859\" srcset=\"https:\/\/meadow-ranch.com\/wp-content\/uploads\/2023\/03\/IMG_4263-1024x768.jpg 1024w, https:\/\/meadow-ranch.com\/wp-content\/uploads\/2023\/03\/IMG_4263-300x225.jpg 300w, https:\/\/meadow-ranch.com\/wp-content\/uploads\/2023\/03\/IMG_4263-768x576.jpg 768w, https:\/\/meadow-ranch.com\/wp-content\/uploads\/2023\/03\/IMG_4263-1536x1152.jpg 1536w, https:\/\/meadow-ranch.com\/wp-content\/uploads\/2023\/03\/IMG_4263.jpg 2016w\" sizes=\"auto, (max-width: 1024px) 100vw, 1024px\" \/><\/figure>\n\n\n\n<figure class=\"wp-block-image size-large\"><img loading=\"lazy\" decoding=\"async\" width=\"1024\" height=\"768\" data-id=\"858\" src=\"https:\/\/meadow-ranch.com\/wp-content\/uploads\/2023\/03\/IMG_4262-1024x768.jpg\" alt=\"\" class=\"wp-image-858\" srcset=\"https:\/\/meadow-ranch.com\/wp-content\/uploads\/2023\/03\/IMG_4262-1024x768.jpg 1024w, https:\/\/meadow-ranch.com\/wp-content\/uploads\/2023\/03\/IMG_4262-300x225.jpg 300w, https:\/\/meadow-ranch.com\/wp-content\/uploads\/2023\/03\/IMG_4262-768x576.jpg 768w, https:\/\/meadow-ranch.com\/wp-content\/uploads\/2023\/03\/IMG_4262.jpg 1280w\" sizes=\"auto, (max-width: 1024px) 100vw, 1024px\" \/><\/figure>\n<\/figure>\n\n\n\n<figure class=\"wp-block-gallery has-nested-images columns-default is-cropped wp-block-gallery-2 is-layout-flex wp-block-gallery-is-layout-flex\"><\/figure>\n","protected":false},"excerpt":{"rendered":"<p><!-- wp:heading --><\/p>\n<h2 class=\"wp-block-heading\">Saloon, der uns 20 Jahre lang f\u00fcr Familienfeiern und Geburtstage diente, haben wir nach einer vollst\u00e4ndigen Rekonstruktion in ein Apartment umgewandelt.<\/h2>\n<p><!-- \/wp:heading --><\/p>\n<p><!-- wp:paragraph -->&#8230;<\/p>\n","protected":false},"author":1,"featured_media":0,"parent":3,"menu_order":4,"comment_status":"closed","ping_status":"closed","template":"","meta":{"footnotes":""},"class_list":["post-45","page","type-page","status-publish","hentry"],"_links":{"self":[{"href":"https:\/\/meadow-ranch.com\/de_DE\/wp-json\/wp\/v2\/pages\/45","targetHints":{"allow":["GET"]}}],"collection":[{"href":"https:\/\/meadow-ranch.com\/de_DE\/wp-json\/wp\/v2\/pages"}],"about":[{"href":"https:\/\/meadow-ranch.com\/de_DE\/wp-json\/wp\/v2\/types\/page"}],"author":[{"embeddable":true,"href":"https:\/\/meadow-ranch.com\/de_DE\/wp-json\/wp\/v2\/users\/1"}],"replies":[{"embeddable":true,"href":"https:\/\/meadow-ranch.com\/de_DE\/wp-json\/wp\/v2\/comments?post=45"}],"version-history":[{"count":23,"href":"https:\/\/meadow-ranch.com\/de_DE\/wp-json\/wp\/v2\/pages\/45\/revisions"}],"predecessor-version":[{"id":1255,"href":"https:\/\/meadow-ranch.com\/de_DE\/wp-json\/wp\/v2\/pages\/45\/revisions\/1255"}],"up":[{"embeddable":true,"href":"https:\/\/meadow-ranch.com\/de_DE\/wp-json\/wp\/v2\/pages\/3"}],"wp:attachment":[{"href":"https:\/\/meadow-ranch.com\/de_DE\/wp-json\/wp\/v2\/media?parent=45"}],"curies":[{"name":"wp","href":"https:\/\/api.w.org\/{rel}","templated":true}]}}