{"id":3,"date":"2016-05-16T16:33:09","date_gmt":"2016-05-16T15:33:09","guid":{"rendered":"https:\/\/new.meadow-ranch.com\/ubytovani-pronajem\/"},"modified":"2024-03-13T09:27:21","modified_gmt":"2024-03-13T08:27:21","slug":"ubytovani-pronajem","status":"publish","type":"page","link":"https:\/\/meadow-ranch.com\/de_DE\/ubytovani-pronajem\/","title":{"rendered":"Unterkunft f\u00fcr Freunde"},"content":{"rendered":"\n<h4 class=\"wp-block-heading\">Professionalit\u00e4t und langj\u00e4hrige Erfahrung erm\u00f6glichen uns, Ihnen Dienstleistungen der h\u00f6chsten Qualit\u00e4t anzubieten.<\/h4>\n\n\n\n<h4 class=\"wp-block-heading\"><\/h4>\n\n\n\n<h4 class=\"wp-block-heading\">Zimmer<\/h4>\n\n\n\n<ul class=\"wp-block-list\">\n<li>\u00dcberzeugen Sie sich, dass der Aufenthalt auf unserer Ranch f\u00fcr Sie zur einen angenehmeren Erfahrung wird.<\/li>\n\n\n\n<li>Vor allem die ausgereifte und gem\u00fctliche Ausstattung, die in jedem unserer Zimmer selbstverst\u00e4ndlich ist.<\/li>\n<\/ul>\n\n\n\n<figure class=\"wp-block-image size-large\"><img decoding=\"async\" src=\"http:\/\/meadow-ranch.com\/wp-content\/uploads\/2023\/02\/Ranch-1.jpg\" alt=\"\"\/><\/figure>\n","protected":false},"excerpt":{"rendered":"<p><!-- wp:heading {\"level\":4} --><\/p>\n<h4 class=\"wp-block-heading\">Professionalit\u00e4t und langj\u00e4hrige Erfahrung erm\u00f6glichen uns, Ihnen Dienstleistungen der h\u00f6chsten Qualit\u00e4t anzubieten.<\/h4>\n<p><!-- \/wp:heading --><\/p>\n<p><!-- wp:heading {\"level\":4} --><\/p>\n<h4 class=\"wp... \n\n","protected":false},"author":1,"featured_media":300,"parent":0,"menu_order":3,"comment_status":"closed","ping_status":"closed","template":"","meta":{"footnotes":""},"class_list":["post-3","page","type-page","status-publish","has-post-thumbnail","hentry"],"_links":{"self":[{"href":"https:\/\/meadow-ranch.com\/de_DE\/wp-json\/wp\/v2\/pages\/3","targetHints":{"allow":["GET"]}}],"collection":[{"href":"https:\/\/meadow-ranch.com\/de_DE\/wp-json\/wp\/v2\/pages"}],"about":[{"href":"https:\/\/meadow-ranch.com\/de_DE\/wp-json\/wp\/v2\/types\/page"}],"author":[{"embeddable":true,"href":"https:\/\/meadow-ranch.com\/de_DE\/wp-json\/wp\/v2\/users\/1"}],"replies":[{"embeddable":true,"href":"https:\/\/meadow-ranch.com\/de_DE\/wp-json\/wp\/v2\/comments?post=3"}],"version-history":[{"count":14,"href":"https:\/\/meadow-ranch.com\/de_DE\/wp-json\/wp\/v2\/pages\/3\/revisions"}],"predecessor-version":[{"id":1073,"href":"https:\/\/meadow-ranch.com\/de_DE\/wp-json\/wp\/v2\/pages\/3\/revisions\/1073"}],"wp:featuredmedia":[{"embeddable":true,"href":"https:\/\/meadow-ranch.com\/de_DE\/wp-json\/wp\/v2\/media\/300"}],"wp:attachment":[{"href":"https:\/\/meadow-ranch.com\/de_DE\/wp-json\/wp\/v2\/media?parent=3"}],"curies":[{"name":"wp","href":"https:\/\/api.w.org\/{rel}","templated":true}]}}