{"id":2,"date":"2016-05-16T16:17:31","date_gmt":"2016-05-16T15:17:31","guid":{"rendered":"https:\/\/new.meadow-ranch.com\/kontakty\/"},"modified":"2024-03-13T09:23:40","modified_gmt":"2024-03-13T08:23:40","slug":"kontakty","status":"publish","type":"page","link":"https:\/\/meadow-ranch.com\/de_DE\/kontakty\/","title":{"rendered":"Kontaktdaten"},"content":{"rendered":"\n<h2 class=\"wp-block-heading\">Kontaktinformationen:<\/h2>\n\n\n\n<p><strong>MEADOW RANCH<\/strong><\/p>\n\n\n\n<p>Paseky 148<\/p>\n\n\n\n<p>763 11 \u017delechovice nad D\u0159evnic\u00ed<\/p>\n\n\n\n<h3 class=\"wp-block-heading\">Kontaktpersonen:<\/h3>\n\n\n\n<p>Herr<strong> Radoslav Svacina<\/strong>:&nbsp;+420 608 822 863,&nbsp;<a href=\"mailto:radek@meadow-ranch.com\">meadow.ranch@seznam.cz<\/a><\/p>\n\n\n\n<p>Frau<strong> Miroslava Svacina<\/strong>:&nbsp;+420 720 704&nbsp;607,&nbsp;<a href=\"mailto:mirka@meadow-ranch.com\">meadow.ranch@seznam.cz<\/a><\/p>\n\n\n\n<h2 class=\"wp-block-heading\">Wo finden Sie uns<\/h2>\n\n\n\n<div data-wp-interactive=\"core\/file\" class=\"wp-block-file\"><object data-wp-bind--hidden=\"!state.hasPdfPreview\" hidden class=\"wp-block-file__embed\" data=\"https:\/\/meadow-ranch.com\/wp-content\/uploads\/2024\/03\/1Wegbeschreibung-von-Zelechovice-.pdf\" type=\"application\/pdf\" style=\"width:100%;height:600px\" aria-label=\"Vlo\u017eit z 1Wegbeschreibung von \u017delechovice.\"><\/object><a id=\"wp-block-file--media-e01fc21c-0347-4fa4-89d3-adde73990dfd\" href=\"https:\/\/meadow-ranch.com\/wp-content\/uploads\/2024\/03\/1Wegbeschreibung-von-Zelechovice-.pdf\">1Wegbeschreibung von \u017delechovice<\/a><a href=\"https:\/\/meadow-ranch.com\/wp-content\/uploads\/2024\/03\/1Wegbeschreibung-von-Zelechovice-.pdf\" class=\"wp-block-file__button wp-element-button\" download aria-describedby=\"wp-block-file--media-e01fc21c-0347-4fa4-89d3-adde73990dfd\">Herunterladen<\/a><\/div>\n\n\n\n<ul class=\"wp-block-social-links has-visible-labels has-icon-color is-style-logos-only is-layout-flex wp-block-social-links-is-layout-flex\"><li style=\"color:#000000;\" class=\"wp-social-link wp-social-link-chain has-black-color wp-block-social-link\"><a rel=\"noopener nofollow\" target=\"_blank\" href=\"https:\/\/meadow-ranch.com\" class=\"wp-block-social-link-anchor\"><svg width=\"24\" height=\"24\" viewBox=\"0 0 24 24\" version=\"1.1\" xmlns=\"http:\/\/www.w3.org\/2000\/svg\" aria-hidden=\"true\" focusable=\"false\"><path d=\"M15.6,7.2H14v1.5h1.6c2,0,3.7,1.7,3.7,3.7s-1.7,3.7-3.7,3.7H14v1.5h1.6c2.8,0,5.2-2.3,5.2-5.2,0-2.9-2.3-5.2-5.2-5.2zM4.7,12.4c0-2,1.7-3.7,3.7-3.7H10V7.2H8.4c-2.9,0-5.2,2.3-5.2,5.2,0,2.9,2.3,5.2,5.2,5.2H10v-1.5H8.4c-2,0-3.7-1.7-3.7-3.7zm4.6.9h5.3v-1.5H9.3v1.5z\"><\/path><\/svg><span class=\"wp-block-social-link-label\">Odkaz<\/span><\/a><\/li>\n\n<li style=\"color:#000000;\" class=\"wp-social-link wp-social-link-mail has-black-color wp-block-social-link\"><a rel=\"noopener nofollow\" target=\"_blank\" href=\"mailto:&#109;e&#097;&#100;&#111;&#119;&#046;&#114;an&#099;&#104;&#064;&#115;&#101;z&#110;am&#046;&#099;z\" class=\"wp-block-social-link-anchor\"><svg width=\"24\" height=\"24\" viewBox=\"0 0 24 24\" version=\"1.1\" xmlns=\"http:\/\/www.w3.org\/2000\/svg\" aria-hidden=\"true\" focusable=\"false\"><path d=\"M19,5H5c-1.1,0-2,.9-2,2v10c0,1.1.9,2,2,2h14c1.1,0,2-.9,2-2V7c0-1.1-.9-2-2-2zm.5,12c0,.3-.2.5-.5.5H5c-.3,0-.5-.2-.5-.5V9.8l7.5,5.6,7.5-5.6V17zm0-9.1L12,13.6,4.5,7.9V7c0-.3.2-.5.5-.5h14c.3,0,.5.2.5.5v.9z\"><\/path><\/svg><span class=\"wp-block-social-link-label\">E-mail<\/span><\/a><\/li><\/ul>\n\n\n\n<p>Web:&nbsp;<a rel=\"noreferrer noopener\" href=\"http:\/\/meadow-ranch.com\/\" target=\"_blank\">http:\/\/meadow-ranch.com<\/a><\/p>\n\n\n\n<p>Email:&nbsp;<a href=\"mailto: info@meadow-ranch.com\">meadow.ranch@seznam.cz<\/a><\/p>\n\n\n\n<p>GPS: 49\u00b011&#8217;43.109&#8220;N, 17\u00b043&#8217;33.734&#8220;E<\/p>\n\n\n\n<h2 class=\"wp-block-heading\">Social networking:<\/h2>\n\n\n\n<ul class=\"wp-block-social-links is-layout-flex wp-block-social-links-is-layout-flex\"><li class=\"wp-social-link wp-social-link-facebook  wp-block-social-link\"><a href=\"https:\/\/www.facebook.com\/meadow.ranch.7\" class=\"wp-block-social-link-anchor\"><svg width=\"24\" height=\"24\" viewBox=\"0 0 24 24\" version=\"1.1\" xmlns=\"http:\/\/www.w3.org\/2000\/svg\" aria-hidden=\"true\" focusable=\"false\"><path d=\"M12 2C6.5 2 2 6.5 2 12c0 5 3.7 9.1 8.4 9.9v-7H7.9V12h2.5V9.8c0-2.5 1.5-3.9 3.8-3.9 1.1 0 2.2.2 2.2.2v2.5h-1.3c-1.2 0-1.6.8-1.6 1.6V12h2.8l-.4 2.9h-2.3v7C18.3 21.1 22 17 22 12c0-5.5-4.5-10-10-10z\"><\/path><\/svg><span class=\"wp-block-social-link-label screen-reader-text\">Facebook<\/span><\/a><\/li>\n\n<li class=\"wp-social-link wp-social-link-twitter  wp-block-social-link\"><a href=\"https:\/\/twitter.com\/MeadowRanc\" class=\"wp-block-social-link-anchor\"><svg width=\"24\" height=\"24\" viewBox=\"0 0 24 24\" version=\"1.1\" xmlns=\"http:\/\/www.w3.org\/2000\/svg\" aria-hidden=\"true\" focusable=\"false\"><path d=\"M22.23,5.924c-0.736,0.326-1.527,0.547-2.357,0.646c0.847-0.508,1.498-1.312,1.804-2.27 c-0.793,0.47-1.671,0.812-2.606,0.996C18.324,4.498,17.257,4,16.077,4c-2.266,0-4.103,1.837-4.103,4.103 c0,0.322,0.036,0.635,0.106,0.935C8.67,8.867,5.647,7.234,3.623,4.751C3.27,5.357,3.067,6.062,3.067,6.814 c0,1.424,0.724,2.679,1.825,3.415c-0.673-0.021-1.305-0.206-1.859-0.513c0,0.017,0,0.034,0,0.052c0,1.988,1.414,3.647,3.292,4.023 c-0.344,0.094-0.707,0.144-1.081,0.144c-0.264,0-0.521-0.026-0.772-0.074c0.522,1.63,2.038,2.816,3.833,2.85 c-1.404,1.1-3.174,1.756-5.096,1.756c-0.331,0-0.658-0.019-0.979-0.057c1.816,1.164,3.973,1.843,6.29,1.843 c7.547,0,11.675-6.252,11.675-11.675c0-0.178-0.004-0.355-0.012-0.531C20.985,7.47,21.68,6.747,22.23,5.924z\"><\/path><\/svg><span class=\"wp-block-social-link-label screen-reader-text\">Twitter<\/span><\/a><\/li>\n\n<li class=\"wp-social-link wp-social-link-youtube  wp-block-social-link\"><a href=\"https:\/\/www.youtube.com\/channel\/UClKkHlF-TiXOfS_viGUQe6w\" class=\"wp-block-social-link-anchor\"><svg width=\"24\" height=\"24\" viewBox=\"0 0 24 24\" version=\"1.1\" xmlns=\"http:\/\/www.w3.org\/2000\/svg\" aria-hidden=\"true\" focusable=\"false\"><path d=\"M21.8,8.001c0,0-0.195-1.378-0.795-1.985c-0.76-0.797-1.613-0.801-2.004-0.847c-2.799-0.202-6.997-0.202-6.997-0.202 h-0.009c0,0-4.198,0-6.997,0.202C4.608,5.216,3.756,5.22,2.995,6.016C2.395,6.623,2.2,8.001,2.2,8.001S2,9.62,2,11.238v1.517 c0,1.618,0.2,3.237,0.2,3.237s0.195,1.378,0.795,1.985c0.761,0.797,1.76,0.771,2.205,0.855c1.6,0.153,6.8,0.201,6.8,0.201 s4.203-0.006,7.001-0.209c0.391-0.047,1.243-0.051,2.004-0.847c0.6-0.607,0.795-1.985,0.795-1.985s0.2-1.618,0.2-3.237v-1.517 C22,9.62,21.8,8.001,21.8,8.001z M9.935,14.594l-0.001-5.62l5.404,2.82L9.935,14.594z\"><\/path><\/svg><span class=\"wp-block-social-link-label screen-reader-text\">YouTube<\/span><\/a><\/li><\/ul>\n","protected":false},"excerpt":{"rendered":"<p><!-- wp:heading --><\/p>\n<h2 class=\"wp-block-heading\">Kontaktinformationen:<\/h2>\n<p><!-- \/wp:heading --><\/p>\n<p><!-- wp:paragraph --><\/p>\n<p><strong>MEADOW RANCH<\/strong><\/p>\n<p><!-- \/wp:paragraph --><\/p>\n<p><!-- wp:paragraph --><\/p>\n<p>Paseky 148<\/p>\n<p><!-- \/wp:paragraph --><\/p>\n<p><!-- ...\n<\/p>\n","protected":false},"author":1,"featured_media":459,"parent":0,"menu_order":10,"comment_status":"closed","ping_status":"closed","template":"","meta":{"footnotes":""},"class_list":["post-2","page","type-page","status-publish","has-post-thumbnail","hentry"],"_links":{"self":[{"href":"https:\/\/meadow-ranch.com\/de_DE\/wp-json\/wp\/v2\/pages\/2","targetHints":{"allow":["GET"]}}],"collection":[{"href":"https:\/\/meadow-ranch.com\/de_DE\/wp-json\/wp\/v2\/pages"}],"about":[{"href":"https:\/\/meadow-ranch.com\/de_DE\/wp-json\/wp\/v2\/types\/page"}],"author":[{"embeddable":true,"href":"https:\/\/meadow-ranch.com\/de_DE\/wp-json\/wp\/v2\/users\/1"}],"replies":[{"embeddable":true,"href":"https:\/\/meadow-ranch.com\/de_DE\/wp-json\/wp\/v2\/comments?post=2"}],"version-history":[{"count":39,"href":"https:\/\/meadow-ranch.com\/de_DE\/wp-json\/wp\/v2\/pages\/2\/revisions"}],"predecessor-version":[{"id":1071,"href":"https:\/\/meadow-ranch.com\/de_DE\/wp-json\/wp\/v2\/pages\/2\/revisions\/1071"}],"wp:featuredmedia":[{"embeddable":true,"href":"https:\/\/meadow-ranch.com\/de_DE\/wp-json\/wp\/v2\/media\/459"}],"wp:attachment":[{"href":"https:\/\/meadow-ranch.com\/de_DE\/wp-json\/wp\/v2\/media?parent=2"}],"curies":[{"name":"wp","href":"https:\/\/api.w.org\/{rel}","templated":true}]}}