{"id":171,"date":"2023-02-08T17:18:42","date_gmt":"2023-02-08T16:18:42","guid":{"rendered":"http:\/\/new.meadow-ranch.com\/?page_id=171"},"modified":"2024-03-09T18:22:02","modified_gmt":"2024-03-09T17:22:02","slug":"zasady-ochrany-osobnich-udaju","status":"publish","type":"page","link":"https:\/\/meadow-ranch.com\/de_DE\/zasady-ochrany-osobnich-udaju\/","title":{"rendered":"Datenschutz-Bestimmungen"},"content":{"rendered":"\n<h2 class=\"wp-block-heading\">Wer wir sind<\/h2>\n\n\n\n<p>Unsere Webadresse lautet: https:\/\/meadow-ranch.com.<\/p>\n\n\n\n<h2 class=\"wp-block-heading\">Kommentare<\/h2>\n\n\n\n<p>Wenn Besucher dieser Website einen Kommentar hinzuf\u00fcgen, werden die im Kommentarformular angezeigten Daten sowie die IP-Adresse des Besuchers und der den Browser definierende User-Agent-String erfasst, um die Erkennung von Spam zu unterst\u00fctzen.<\/p>\n\n\n\n<p>Gravatar kann mit einer aus Ihrer E-Mail-Adresse erstellten anonymen Zeichenfolge (auch Hash genannt) versehen werden, um festzustellen, ob Sie den Dienst nutzen. Die Datenschutzerkl\u00e4rung von Gravatar finden Sie hier: https:\/\/automattic.com\/privacy\/. Nachdem Ihr Kommentar genehmigt wurde, ist Ihr Profilbild f\u00fcr die \u00d6ffentlichkeit im Kontext Ihres Kommentars sichtbar.<\/p>\n\n\n\n<h2 class=\"wp-block-heading\">Medien<\/h2>\n\n\n\n<p>Empfohlener Text: Wenn Sie Bilder auf diese Seite hochladen, sollten Sie das Hochladen von Bildern mit eingebetteten Standortdaten (EXIF GPS) vermeiden. Website-Besucher k\u00f6nnen beliebige Standortdaten von Bildern auf der Website herunterladen und anzeigen.<\/p>\n\n\n\n<h2 class=\"wp-block-heading\">Kekse<\/h2>\n\n\n\n<p>Wenn Sie einen Kommentar zu unserer Website hinzuf\u00fcgen, k\u00f6nnen Sie zulassen, dass Ihr Name, Ihre E-Mail-Adresse und Ihre Website in Cookies gespeichert werden. Auf diese Weise versuchen wir, Ihren Komfort zu erh\u00f6hen, denn wenn Sie einen neuen Kommentar schreiben, m\u00fcssen Sie diese Informationen nicht erneut eingeben. Diese Cookies haben eine Lebensdauer von einem Jahr.<\/p>\n\n\n\n<p>Wenn Sie unsere Anmeldeseite besuchen, setzen wir tempor\u00e4re Cookies, um zu \u00fcberpr\u00fcfen, ob Ihr Browser Cookies akzeptiert. Dieses Cookie enth\u00e4lt keine personenbezogenen Daten und wird gel\u00f6scht, wenn Sie Ihren Browser schlie\u00dfen.<\/p>\n\n\n\n<p>Wenn Sie sich einloggen, werden wir auch mehrere Cookies f\u00fcr Sie setzen, um Ihre Login-Daten zu speichern und die Bildschirmanzeige einzustellen. Login-Cookies haben eine Lebensdauer von zwei Tagen und Cookies f\u00fcr Anzeigeeinstellungen eine Lebensdauer von einem Jahr. Wenn Sie die Option \u201eRemember me\u201c best\u00e4tigen, gilt Ihr Login f\u00fcr zwei Wochen. Wenn Sie sich von Ihrem Konto abmelden, werden die Login-Cookies gel\u00f6scht.<\/p>\n\n\n\n<p>Wenn Sie einen Artikel bearbeiten oder ver\u00f6ffentlichen, wird ein zus\u00e4tzlicher Cookie in Ihrem Browser gespeichert. Dieses Cookie enth\u00e4lt keine personenbezogenen Daten und zeigt lediglich die ID des Beitrags an, den Sie gerade bearbeitet haben. Es verf\u00e4llt nach 1 Tag.<\/p>\n\n\n\n<h2 class=\"wp-block-heading\">Eingebettete Inhalte von anderen Websites<\/h2>\n\n\n\n<p>Beitr\u00e4ge auf dieser Website k\u00f6nnen eingebettete Inhalte enthalten (wie Videos, Bilder, Artikel usw.). Eingebettete Inhalte von anderen Websites verhalten sich so, als ob der Besucher eine andere Website besucht h\u00e4tte.<\/p>\n\n\n\n<p>Diese Websites k\u00f6nnen Daten \u00fcber Sie sammeln, Cookies verwenden, andere Tracking-Dienste von Drittanbietern einbetten und Ihre Interaktion mit diesen eingebetteten Inhalten verfolgen, einschlie\u00dflich der Verfolgung Ihrer Interaktion mit den eingebetteten Inhalten, wenn Sie ein Konto haben und auf dieser Website angemeldet sind.<\/p>\n\n\n\n<h2 class=\"wp-block-heading\">Mit wem wir Ihre Daten teilen<\/h2>\n\n\n\n<p>Wenn Sie ein Zur\u00fccksetzen des Passworts anfordern, wird Ihre IP-Adresse in der E-Mail zum Zur\u00fccksetzen des Passworts enthalten sein.<\/p>\n\n\n\n<h2 class=\"wp-block-heading\">Wie lange wir Ihre Daten aufbewahren<\/h2>\n\n\n\n<p>Wenn Sie einen Kommentar hinzuf\u00fcgen, werden der Kommentar und seine Metadaten auf unbestimmte Zeit gespeichert. Die Daten werden aufbewahrt, um alle nachfolgenden Kommentare automatisch zu erkennen und zu genehmigen, anstatt sie in einer Moderationswarteschlange zu halten.<\/p>\n\n\n\n<p>F\u00fcr Benutzer, die sich auf dieser Website registrieren (sofern sie diese Option haben), speichern wir auch die pers\u00f6nlichen Informationen, die sie in ihrem Benutzerprofil angeben. Alle Benutzer k\u00f6nnen ihre pers\u00f6nlichen Daten jederzeit einsehen, bearbeiten oder l\u00f6schen (au\u00dfer dass sie ihren Benutzernamen nicht \u00e4ndern k\u00f6nnen). Site-Administratoren k\u00f6nnen diese Informationen auch anzeigen und bearbeiten.<\/p>\n\n\n\n<h2 class=\"wp-block-heading\">Welche Rechte haben Sie?<\/h2>\n\n\n\n<p>Wenn Sie ein Konto haben oder auf dieser Website einen Kommentar hinterlassen haben, k\u00f6nnen Sie eine Exportdatei der personenbezogenen Daten anfordern, die wir \u00fcber Sie gespeichert haben, einschlie\u00dflich aller Daten, die Sie uns zur Verf\u00fcgung gestellt haben. Sie k\u00f6nnen auch die L\u00f6schung aller personenbezogenen Daten verlangen, die wir \u00fcber Sie gespeichert haben. Diese Option umfasst keine Daten, die wir aus administrativen, rechtlichen oder Sicherheitsgr\u00fcnden aufbewahren m\u00fcssen.<\/p>\n\n\n\n<h2 class=\"wp-block-heading\">Wohin Ihre Daten gesendet werden<\/h2>\n\n\n\n<p>Besucherkommentare k\u00f6nnen von einem automatisierten Dienst zur Spam-Erkennung untersucht werden, der sich m\u00f6glicherweise im Ausland befindet.<\/p>\n","protected":false},"excerpt":{"rendered":"<p><!-- wp:heading --><\/p>\n<h2 class=\"wp-block-heading\">Wer wir sind<\/h2>\n<p><!-- \/wp:heading --><\/p>\n<p><!-- wp:paragraph --><\/p>\n<p>Unsere Webadresse lautet: https:\/\/meadow-ranch.com.<\/p>\n<p><!-- \/wp:paragraph --><\/p>\n<p><!-- wp:heading --><\/p>\n<h2 class=\"wp-block-heading\">Komment&#8230;<\/p>\n","protected":false},"author":1,"featured_media":1058,"parent":0,"menu_order":13,"comment_status":"closed","ping_status":"closed","template":"","meta":{"footnotes":""},"class_list":["post-171","page","type-page","status-publish","has-post-thumbnail","hentry"],"_links":{"self":[{"href":"https:\/\/meadow-ranch.com\/de_DE\/wp-json\/wp\/v2\/pages\/171","targetHints":{"allow":["GET"]}}],"collection":[{"href":"https:\/\/meadow-ranch.com\/de_DE\/wp-json\/wp\/v2\/pages"}],"about":[{"href":"https:\/\/meadow-ranch.com\/de_DE\/wp-json\/wp\/v2\/types\/page"}],"author":[{"embeddable":true,"href":"https:\/\/meadow-ranch.com\/de_DE\/wp-json\/wp\/v2\/users\/1"}],"replies":[{"embeddable":true,"href":"https:\/\/meadow-ranch.com\/de_DE\/wp-json\/wp\/v2\/comments?post=171"}],"version-history":[{"count":10,"href":"https:\/\/meadow-ranch.com\/de_DE\/wp-json\/wp\/v2\/pages\/171\/revisions"}],"predecessor-version":[{"id":1059,"href":"https:\/\/meadow-ranch.com\/de_DE\/wp-json\/wp\/v2\/pages\/171\/revisions\/1059"}],"wp:featuredmedia":[{"embeddable":true,"href":"https:\/\/meadow-ranch.com\/de_DE\/wp-json\/wp\/v2\/media\/1058"}],"wp:attachment":[{"href":"https:\/\/meadow-ranch.com\/de_DE\/wp-json\/wp\/v2\/media?parent=171"}],"curies":[{"name":"wp","href":"https:\/\/api.w.org\/{rel}","templated":true}]}}