{"id":19,"date":"2016-05-17T07:17:04","date_gmt":"2016-05-17T06:17:04","guid":{"rendered":"https:\/\/new.meadow-ranch.com\/sluzby\/"},"modified":"2023-02-17T17:10:50","modified_gmt":"2023-02-17T16:10:50","slug":"sluzby","status":"publish","type":"page","link":"https:\/\/meadow-ranch.com\/cs_CZ\/sluzby\/","title":{"rendered":"Slu\u017eby"},"content":{"rendered":"\n<h4 class=\"wp-block-heading\"><span style=\"text-decoration: underline;\">Aktivita nen\u00ed moment\u00e1ln\u011b v nab\u00eddce!<\/span><\/h4>\n\n\n\n<h4 class=\"wp-block-heading\">Chyst\u00e1te oslavu \u010di ve\u010d\u00edrek jak\u00e9hokoli charakteru ?<\/h4>\n\n\n\n<p>Chcete aktivn\u00ed z\u00e1\u017eitek pro&nbsp;v\u0161echny&nbsp;\u00fa\u010dastn\u00edky ?<\/p>\n\n\n\n<p>Pak jste u n\u00e1s na spr\u00e1vn\u00e9 adrese!<\/p>\n\n\n\n<p><strong>Nab\u00edz\u00edme&nbsp;V\u00e1m:<\/strong><\/p>\n\n\n\n<ul class=\"wp-block-list\">\n<li>neoby\u010dejn\u00e9 prost\u0159ed\u00ed<\/li>\n\n\n\n<li>jedine\u010dn\u00e9 m\u00edsto<\/li>\n\n\n\n<li>\u0161irok\u00fd v\u00fdb\u011br aktivit<\/li>\n\n\n\n<li>\u017eivou&nbsp;hudbu<\/li>\n\n\n\n<li>nezapomenuteln\u00e9 z\u00e1\u017eitky<\/li>\n\n\n\n<li>catering <a title=\"ROKO food, s r.o.\" rel=\"noopener noreferrer\" href=\"http:\/\/www.rokofood.cz\/\" target=\"_blank\">www.rokofood.cz<\/a><\/li>\n<\/ul>\n\n\n\n<figure class=\"wp-block-gallery has-nested-images columns-default is-cropped wp-block-gallery-1 is-layout-flex wp-block-gallery-is-layout-flex\">\n<figure class=\"wp-block-image size-large\"><img loading=\"lazy\" decoding=\"async\" width=\"796\" height=\"595\" data-id=\"454\" src=\"http:\/\/new.meadow-ranch.com\/wp-content\/uploads\/2023\/02\/Party3.png\" alt=\"\" class=\"wp-image-454\" srcset=\"https:\/\/meadow-ranch.com\/wp-content\/uploads\/2023\/02\/Party3.png 796w, https:\/\/meadow-ranch.com\/wp-content\/uploads\/2023\/02\/Party3-300x224.png 300w, https:\/\/meadow-ranch.com\/wp-content\/uploads\/2023\/02\/Party3-768x574.png 768w\" sizes=\"auto, (max-width: 796px) 100vw, 796px\" \/><\/figure>\n\n\n\n<figure class=\"wp-block-image size-large\"><img loading=\"lazy\" decoding=\"async\" width=\"793\" height=\"595\" data-id=\"453\" src=\"http:\/\/new.meadow-ranch.com\/wp-content\/uploads\/2023\/02\/Party2.png\" alt=\"\" class=\"wp-image-453\" srcset=\"https:\/\/meadow-ranch.com\/wp-content\/uploads\/2023\/02\/Party2.png 793w, https:\/\/meadow-ranch.com\/wp-content\/uploads\/2023\/02\/Party2-300x225.png 300w, https:\/\/meadow-ranch.com\/wp-content\/uploads\/2023\/02\/Party2-768x576.png 768w\" sizes=\"auto, (max-width: 793px) 100vw, 793px\" \/><\/figure>\n\n\n\n<figure class=\"wp-block-image size-large\"><img loading=\"lazy\" decoding=\"async\" width=\"795\" height=\"592\" data-id=\"452\" src=\"http:\/\/new.meadow-ranch.com\/wp-content\/uploads\/2023\/02\/Party1.png\" alt=\"\" class=\"wp-image-452\" srcset=\"https:\/\/meadow-ranch.com\/wp-content\/uploads\/2023\/02\/Party1.png 795w, https:\/\/meadow-ranch.com\/wp-content\/uploads\/2023\/02\/Party1-300x223.png 300w, https:\/\/meadow-ranch.com\/wp-content\/uploads\/2023\/02\/Party1-768x572.png 768w\" sizes=\"auto, (max-width: 795px) 100vw, 795px\" \/><\/figure>\n\n\n\n<figure class=\"wp-block-image size-large\"><img loading=\"lazy\" decoding=\"async\" width=\"797\" height=\"600\" data-id=\"451\" src=\"http:\/\/new.meadow-ranch.com\/wp-content\/uploads\/2023\/02\/Party5.png\" alt=\"\" class=\"wp-image-451\" srcset=\"https:\/\/meadow-ranch.com\/wp-content\/uploads\/2023\/02\/Party5.png 797w, https:\/\/meadow-ranch.com\/wp-content\/uploads\/2023\/02\/Party5-300x226.png 300w, https:\/\/meadow-ranch.com\/wp-content\/uploads\/2023\/02\/Party5-768x578.png 768w\" sizes=\"auto, (max-width: 797px) 100vw, 797px\" \/><\/figure>\n\n\n\n<figure class=\"wp-block-image size-large\"><img loading=\"lazy\" decoding=\"async\" width=\"795\" height=\"598\" data-id=\"450\" src=\"http:\/\/new.meadow-ranch.com\/wp-content\/uploads\/2023\/02\/Party4.png\" alt=\"\" class=\"wp-image-450\" srcset=\"https:\/\/meadow-ranch.com\/wp-content\/uploads\/2023\/02\/Party4.png 795w, https:\/\/meadow-ranch.com\/wp-content\/uploads\/2023\/02\/Party4-300x226.png 300w, https:\/\/meadow-ranch.com\/wp-content\/uploads\/2023\/02\/Party4-768x578.png 768w\" sizes=\"auto, (max-width: 795px) 100vw, 795px\" \/><\/figure>\n\n\n\n<figure class=\"wp-block-image size-large\"><img loading=\"lazy\" decoding=\"async\" width=\"795\" height=\"598\" data-id=\"449\" src=\"http:\/\/new.meadow-ranch.com\/wp-content\/uploads\/2023\/02\/Party6.png\" alt=\"\" class=\"wp-image-449\" srcset=\"https:\/\/meadow-ranch.com\/wp-content\/uploads\/2023\/02\/Party6.png 795w, https:\/\/meadow-ranch.com\/wp-content\/uploads\/2023\/02\/Party6-300x226.png 300w, https:\/\/meadow-ranch.com\/wp-content\/uploads\/2023\/02\/Party6-768x578.png 768w\" sizes=\"auto, (max-width: 795px) 100vw, 795px\" \/><\/figure>\n\n\n\n<figure class=\"wp-block-image size-large\"><img loading=\"lazy\" decoding=\"async\" width=\"796\" height=\"598\" data-id=\"448\" src=\"http:\/\/new.meadow-ranch.com\/wp-content\/uploads\/2023\/02\/Party7.png\" alt=\"\" class=\"wp-image-448\" srcset=\"https:\/\/meadow-ranch.com\/wp-content\/uploads\/2023\/02\/Party7.png 796w, https:\/\/meadow-ranch.com\/wp-content\/uploads\/2023\/02\/Party7-300x225.png 300w, https:\/\/meadow-ranch.com\/wp-content\/uploads\/2023\/02\/Party7-768x577.png 768w\" sizes=\"auto, (max-width: 796px) 100vw, 796px\" \/><\/figure>\n\n\n\n<figure class=\"wp-block-image size-large\"><img loading=\"lazy\" decoding=\"async\" width=\"797\" height=\"599\" data-id=\"446\" src=\"http:\/\/new.meadow-ranch.com\/wp-content\/uploads\/2023\/02\/Party11.png\" alt=\"\" class=\"wp-image-446\" srcset=\"https:\/\/meadow-ranch.com\/wp-content\/uploads\/2023\/02\/Party11.png 797w, https:\/\/meadow-ranch.com\/wp-content\/uploads\/2023\/02\/Party11-300x225.png 300w, https:\/\/meadow-ranch.com\/wp-content\/uploads\/2023\/02\/Party11-768x577.png 768w\" sizes=\"auto, (max-width: 797px) 100vw, 797px\" \/><\/figure>\n\n\n\n<figure class=\"wp-block-image size-large\"><img loading=\"lazy\" decoding=\"async\" width=\"593\" height=\"594\" data-id=\"445\" src=\"http:\/\/new.meadow-ranch.com\/wp-content\/uploads\/2023\/02\/Party10.png\" alt=\"\" class=\"wp-image-445\" srcset=\"https:\/\/meadow-ranch.com\/wp-content\/uploads\/2023\/02\/Party10.png 593w, https:\/\/meadow-ranch.com\/wp-content\/uploads\/2023\/02\/Party10-300x300.png 300w, https:\/\/meadow-ranch.com\/wp-content\/uploads\/2023\/02\/Party10-150x150.png 150w, https:\/\/meadow-ranch.com\/wp-content\/uploads\/2023\/02\/Party10-225x225.png 225w\" sizes=\"auto, (max-width: 593px) 100vw, 593px\" \/><\/figure>\n\n\n\n<figure class=\"wp-block-image size-large\"><img loading=\"lazy\" decoding=\"async\" width=\"449\" height=\"594\" data-id=\"444\" src=\"http:\/\/new.meadow-ranch.com\/wp-content\/uploads\/2023\/02\/Party9.png\" alt=\"\" class=\"wp-image-444\" srcset=\"https:\/\/meadow-ranch.com\/wp-content\/uploads\/2023\/02\/Party9.png 449w, https:\/\/meadow-ranch.com\/wp-content\/uploads\/2023\/02\/Party9-227x300.png 227w\" sizes=\"auto, (max-width: 449px) 100vw, 449px\" \/><\/figure>\n\n\n\n<figure class=\"wp-block-image size-large\"><img loading=\"lazy\" decoding=\"async\" width=\"445\" height=\"600\" data-id=\"443\" src=\"http:\/\/new.meadow-ranch.com\/wp-content\/uploads\/2023\/02\/Party8.png\" alt=\"\" class=\"wp-image-443\" srcset=\"https:\/\/meadow-ranch.com\/wp-content\/uploads\/2023\/02\/Party8.png 445w, https:\/\/meadow-ranch.com\/wp-content\/uploads\/2023\/02\/Party8-223x300.png 223w\" sizes=\"auto, (max-width: 445px) 100vw, 445px\" \/><\/figure>\n<\/figure>\n","protected":false},"excerpt":{"rendered":"<p><!-- wp:heading {\"level\":4} --><\/p>\n<h4><span style=\"text-decoration: underline;\">Aktivita nen\u00ed moment\u00e1ln\u011b v nab\u00eddce!<\/span><\/h4>\n<p><!-- \/wp:heading --><\/p>\n<p><!-- wp:heading {\"level\":4} --><\/p>\n<h4>Chyst\u00e1te oslavu \u010di ve\u010d\u00edrek jak\u00e9hokoli charakteru ?<\/h4>\n<p><!-- \/wp:h...\n<\/p>\n","protected":false},"author":1,"featured_media":447,"parent":0,"menu_order":9,"comment_status":"closed","ping_status":"closed","template":"","meta":{"footnotes":""},"class_list":["post-19","page","type-page","status-publish","has-post-thumbnail","hentry"],"_links":{"self":[{"href":"https:\/\/meadow-ranch.com\/cs_CZ\/wp-json\/wp\/v2\/pages\/19","targetHints":{"allow":["GET"]}}],"collection":[{"href":"https:\/\/meadow-ranch.com\/cs_CZ\/wp-json\/wp\/v2\/pages"}],"about":[{"href":"https:\/\/meadow-ranch.com\/cs_CZ\/wp-json\/wp\/v2\/types\/page"}],"author":[{"embeddable":true,"href":"https:\/\/meadow-ranch.com\/cs_CZ\/wp-json\/wp\/v2\/users\/1"}],"replies":[{"embeddable":true,"href":"https:\/\/meadow-ranch.com\/cs_CZ\/wp-json\/wp\/v2\/comments?post=19"}],"version-history":[{"count":3,"href":"https:\/\/meadow-ranch.com\/cs_CZ\/wp-json\/wp\/v2\/pages\/19\/revisions"}],"predecessor-version":[{"id":591,"href":"https:\/\/meadow-ranch.com\/cs_CZ\/wp-json\/wp\/v2\/pages\/19\/revisions\/591"}],"wp:featuredmedia":[{"embeddable":true,"href":"https:\/\/meadow-ranch.com\/cs_CZ\/wp-json\/wp\/v2\/media\/447"}],"wp:attachment":[{"href":"https:\/\/meadow-ranch.com\/cs_CZ\/wp-json\/wp\/v2\/media?parent=19"}],"curies":[{"name":"wp","href":"https:\/\/api.w.org\/{rel}","templated":true}]}}