{"id":1,"date":"2016-05-16T15:39:39","date_gmt":"2016-05-16T14:39:39","guid":{"rendered":"https:\/\/new.meadow-ranch.com\/vitejte-na-strankach-meadow-ranch\/"},"modified":"2024-09-11T10:22:23","modified_gmt":"2024-09-11T09:22:23","slug":"vitejte-na-strankach-meadow-ranch","status":"publish","type":"page","link":"https:\/\/meadow-ranch.com\/cs_CZ\/","title":{"rendered":"V\u00edtejte na str\u00e1nk\u00e1ch MEADOW RANCH!"},"content":{"rendered":"\n<p>Ran\u010d se nach\u00e1z\u00ed uprost\u0159ed Vizovick\u00fdch vrch\u016f v p\u0159\u00edrodn\u00edm parku \u0179elechovick\u00e9 Paseky.<\/p>\n\n\n\n<p>Are\u00e1l se rozprost\u00edr\u00e1 na plo\u0161e 14 hektar\u016f luk a les\u016f, zhruba 5 km v\u00fdchodn\u011b od m\u011bsta Zl\u00edna a 3 km od centra \u017delechovic nad D\u0159evnic\u00ed.<\/p>\n\n\n\n<figure class=\"wp-block-image\"><img loading=\"lazy\" decoding=\"async\" width=\"1920\" height=\"1272\" src=\"https:\/\/meadow-ranch.com\/wp-content\/uploads\/2024\/08\/Ranch3.jpg\" alt=\"\" class=\"wp-image-1170\" srcset=\"https:\/\/meadow-ranch.com\/wp-content\/uploads\/2024\/08\/Ranch3.jpg 1920w, https:\/\/meadow-ranch.com\/wp-content\/uploads\/2024\/08\/Ranch3-300x199.jpg 300w, https:\/\/meadow-ranch.com\/wp-content\/uploads\/2024\/08\/Ranch3-1024x678.jpg 1024w, https:\/\/meadow-ranch.com\/wp-content\/uploads\/2024\/08\/Ranch3-768x509.jpg 768w, https:\/\/meadow-ranch.com\/wp-content\/uploads\/2024\/08\/Ranch3-1536x1018.jpg 1536w\" sizes=\"auto, (max-width: 1920px) 100vw, 1920px\" \/><\/figure>\n\n\n\n<p><strong>T\u011b\u0161\u00edme se na Va\u0161i n\u00e1v\u0161t\u011bvu!<\/strong><a href=\"https:\/\/www.toplist.cz\/toplist\/?kat=-1&amp;search=1549762&amp;a=s\" target=\"_blank\" rel=\"noreferrer noopener\"><\/a><a href=\"https:\/\/www.ssls.cz\/\" target=\"_blank\" rel=\"noreferrer noopener\"><\/a><\/p>\n","protected":false},"excerpt":{"rendered":"<p><!-- wp:paragraph --><\/p>\n<p>Ran\u010d se nach\u00e1z\u00ed uprost\u0159ed Vizovick\u00fdch vrch\u016f v p\u0159\u00edrodn\u00edm parku \u0179elechovick\u00e9 Paseky.<\/p>\n<p><!-- \/wp:paragraph --><\/p>\n<p><!-- wp:paragraph --><\/p>\n<p>Are\u00e1l se rozprost\u00edr\u00e1 na plo\u0161e 14 hektar\u016f luk a les\u016f, zhruba 5 km v\u00fdchodn\u011b od m\u011bsta Zl\u00edna &#8230;<\/p>\n","protected":false},"author":1,"featured_media":456,"parent":0,"menu_order":1,"comment_status":"closed","ping_status":"closed","template":"","meta":{"footnotes":""},"class_list":["post-1","page","type-page","status-publish","has-post-thumbnail","hentry"],"_links":{"self":[{"href":"https:\/\/meadow-ranch.com\/cs_CZ\/wp-json\/wp\/v2\/pages\/1","targetHints":{"allow":["GET"]}}],"collection":[{"href":"https:\/\/meadow-ranch.com\/cs_CZ\/wp-json\/wp\/v2\/pages"}],"about":[{"href":"https:\/\/meadow-ranch.com\/cs_CZ\/wp-json\/wp\/v2\/types\/page"}],"author":[{"embeddable":true,"href":"https:\/\/meadow-ranch.com\/cs_CZ\/wp-json\/wp\/v2\/users\/1"}],"replies":[{"embeddable":true,"href":"https:\/\/meadow-ranch.com\/cs_CZ\/wp-json\/wp\/v2\/comments?post=1"}],"version-history":[{"count":55,"href":"https:\/\/meadow-ranch.com\/cs_CZ\/wp-json\/wp\/v2\/pages\/1\/revisions"}],"predecessor-version":[{"id":1271,"href":"https:\/\/meadow-ranch.com\/cs_CZ\/wp-json\/wp\/v2\/pages\/1\/revisions\/1271"}],"wp:featuredmedia":[{"embeddable":true,"href":"https:\/\/meadow-ranch.com\/cs_CZ\/wp-json\/wp\/v2\/media\/456"}],"wp:attachment":[{"href":"https:\/\/meadow-ranch.com\/cs_CZ\/wp-json\/wp\/v2\/media?parent=1"}],"curies":[{"name":"wp","href":"https:\/\/api.w.org\/{rel}","templated":true}]}}